{"id":580,"date":"2021-11-24T12:09:07","date_gmt":"2021-11-24T11:09:07","guid":{"rendered":"https:\/\/www.abbaziasanquirico.it\/?page_id=580"},"modified":"2025-03-31T17:00:09","modified_gmt":"2025-03-31T15:00:09","slug":"location-per-matrimoni-a-rieti","status":"publish","type":"page","link":"https:\/\/www.abbaziasanquirico.it\/en\/location-per-matrimoni-a-rieti\/","title":{"rendered":"Location per matrimoni a Rieti"},"content":{"rendered":"<p>[et_pb_section fb_built=&#8221;1&#8243; fullwidth=&#8221;on&#8221; _builder_version=&#8221;4.16&#8243; _module_preset=&#8221;default&#8221; global_colors_info=&#8221;{}&#8221;][et_pb_fullwidth_header title=&#8221;@ET-DC@eyJkeW5hbWljIjp0cnVlLCJjb250ZW50IjoicG9zdF90aXRsZSIsInNldHRpbmdzIjp7ImJlZm9yZSI6IiIsImFmdGVyIjoiIn19@&#8221; text_orientation=&#8221;center&#8221; header_fullscreen=&#8221;on&#8221; header_scroll_down=&#8221;on&#8221; scroll_down_icon=&#8221;%%0%%&#8221; scroll_down_icon_color=&#8221;#FFFFFF&#8221; scroll_down_icon_size=&#8221;40px&#8221; background_overlay_color=&#8221;rgba(75,32,39,0.39)&#8221; _builder_version=&#8221;4.27.4&#8243; _dynamic_attributes=&#8221;title,background_image&#8221; _module_preset=&#8221;default&#8221; title_text_align=&#8221;center&#8221; title_font_size=&#8221;55px&#8221; background_enable_color=&#8221;off&#8221; background_image=&#8221;@ET-DC@eyJkeW5hbWljIjp0cnVlLCJjb250ZW50IjoicG9zdF9mZWF0dXJlZF9pbWFnZSIsInNldHRpbmdzIjp7fX0=@&#8221; parallax=&#8221;on&#8221; hover_enabled=&#8221;0&#8243; global_colors_info=&#8221;{}&#8221; sticky_enabled=&#8221;0&#8243;][\/et_pb_fullwidth_header][\/et_pb_section][et_pb_section fb_built=&#8221;1&#8243; _builder_version=&#8221;4.16&#8243; _module_preset=&#8221;default&#8221; global_colors_info=&#8221;{}&#8221;][et_pb_row admin_label=&#8221;Riga&#8221; _builder_version=&#8221;4.27.4&#8243; _module_preset=&#8221;default&#8221; hover_enabled=&#8221;0&#8243; global_colors_info=&#8221;{}&#8221; column_structure=&#8221;2_3,1_3&#8243; sticky_enabled=&#8221;0&#8243; width_last_edited=&#8221;off|desktop&#8221; use_custom_gutter=&#8221;on&#8221; gutter_width=&#8221;2&#8243;][et_pb_column type=&#8221;2_3&#8243; _builder_version=&#8221;4.27.4&#8243; _module_preset=&#8221;default&#8221; global_colors_info=&#8221;{}&#8221;][et_pb_text _builder_version=&#8221;4.27.4&#8243; _module_preset=&#8221;default&#8221; hover_enabled=&#8221;0&#8243; global_colors_info=&#8221;{}&#8221; header_2_font_size=&#8221;35px&#8221; header_2_font_size_last_edited=&#8221;on|phone&#8221; sticky_enabled=&#8221;0&#8243; header_2_font_size_phone=&#8221;30px&#8221; header_2_font_size_tablet=&#8221;35px&#8221;]<\/p>\n<h2 style=\"text-align: left;\"><strong>L\u2019Abbazia Ss. Quirico e Giulitta \u00e8 la location per matrimoni a Rieti perfetta se ci\u00f2 che amate \u00e8 la tranquillit\u00e0 e la calma della campagna<\/strong><\/h2>\n<p>[\/et_pb_text][\/et_pb_column][et_pb_column type=&#8221;1_3&#8243; _builder_version=&#8221;4.27.4&#8243; _module_preset=&#8221;default&#8221; hover_enabled=&#8221;0&#8243; global_colors_info=&#8221;{}&#8221; sticky_enabled=&#8221;0&#8243; custom_css_main_element__sticky_enabled=&#8221;off|sticky&#8221;][et_pb_blurb title=&#8221;Contattaci ora&#8221; _builder_version=&#8221;4.27.4&#8243; _module_preset=&#8221;default&#8221; use_icon=&#8221;on&#8221; font_icon=&#8221;&#xe090;||divi||400&#8243; background_color=&#8221;#4B2027&#8243; icon_color=&#8221;#FFFFFF&#8221; image_icon_width=&#8221;40px&#8221; background__hover_enabled=&#8221;on|hover&#8221; hover_enabled=&#8221;0&#8243; sticky_enabled=&#8221;0&#8243; background_color__hover=&#8221;#BE9247&#8243; background_enable_color__hover=&#8221;on&#8221; text_orientation=&#8221;center&#8221; background_layout=&#8221;dark&#8221; header_level=&#8221;h5&#8243; header_font_size=&#8221;30px&#8221; body_font_size=&#8221;18px&#8221; custom_padding=&#8221;15px|20px|15px|20px|true|true&#8221; image_icon_custom_margin=&#8221;||||false|false&#8221; image_icon_custom_padding=&#8221;||||false|false&#8221; custom_css_blurb_image=&#8221;margin-bottom: 10px;||position: absolute;||top: 50%;||transform: translateY(-50%);&#8221; icon_placement=&#8221;left&#8221; content_max_width=&#8221;100%&#8221; border_radii=&#8221;on|10px|10px|10px|10px&#8221; animation=&#8221;off&#8221; animation_style=&#8221;slide&#8221; animation_direction=&#8221;right&#8221; animation_intensity_slide=&#8221;10%&#8221; header_font=&#8221;||||||||&#8221; link_option_url=&#8221;tel:+390746220920&#8243; sticky_position=&#8221;top&#8221; scroll_horizontal_motion=&#8221;0|50|50|100|0|0|-4&#8243; custom_css_main_element__sticky_enabled=&#8221;off|sticky&#8221; border_radii__sticky_enabled=&#8221;on|sticky&#8221; border_radii__sticky=&#8221;off|0px|0px|0px|10px&#8221; border_radii_last_edited=&#8221;off|tablet&#8221; border_radii_tablet=&#8221;on||||&#8221; custom_css_main_element_last_edited=&#8221;off|tablet&#8221; custom_css_main_element_tablet=&#8221;left: 0 !important;||right: 0 !important;||margin: 0 auto !important;&#8221; module_class=&#8221;pulsante-contatto&#8221; header_font_size_last_edited=&#8221;on|phone&#8221; header_font_size_phone=&#8221;25px&#8221; body_font_size_last_edited=&#8221;on|phone&#8221; body_font_size_phone=&#8221;15px&#8221; header_font_size_tablet=&#8221;30px&#8221; body_font_size_tablet=&#8221;18px&#8221;]<\/p>\n<p>+39 0746 220920<\/p>\n<p>[\/et_pb_blurb][\/et_pb_column][\/et_pb_row][et_pb_row admin_label=&#8221;Riga&#8221; _builder_version=&#8221;4.27.4&#8243; _module_preset=&#8221;default&#8221; global_colors_info=&#8221;{}&#8221;][et_pb_column type=&#8221;4_4&#8243; _builder_version=&#8221;4.27.4&#8243; _module_preset=&#8221;default&#8221; global_colors_info=&#8221;{}&#8221;][et_pb_text _builder_version=&#8221;4.27.4&#8243; _module_preset=&#8221;default&#8221; global_colors_info=&#8221;{}&#8221;]<\/p>\n<p data-pm-slice=\"1 1 []\" style=\"text-align: justify;\">Se state cercando una location per matrimoni a Rieti che unisca eleganza, storia e natura, l\u2019Abbazia Ss. Quirico e Giulitta \u00e8 la scelta ideale. Situata nel cuore della campagna reatina, questa splendida abbazia medievale offre uno scenario incantevole per il vostro giorno speciale.<\/p>\n<h5 style=\"text-align: justify;\"><strong>Un&#8217;atmosfera unica per il vostro matrimonio<\/strong><\/h5>\n<p style=\"text-align: justify;\">Circondata da paesaggi suggestivi e immersa in un&#8217;atmosfera di pace e serenit\u00e0, l\u2019Abbazia Ss. Quirico e Giulitta rappresenta la cornice perfetta per un matrimonio romantico e raffinato. L\u2019architettura storica, i giardini curati e gli ampi spazi interni ed esterni permettono di organizzare un evento indimenticabile, personalizzato secondo i vostri desideri.<\/p>\n<h6 style=\"text-align: justify;\"><strong>Servizi esclusivi per un matrimonio perfetto<\/strong><\/h6>\n<p style=\"text-align: justify;\">Scegliere la nostra location per matrimoni a Rieti significa affidarsi a un team di professionisti che vi accompagneranno in ogni fase dell\u2019organizzazione. Offriamo:<\/p>\n<ul data-spread=\"false\" style=\"text-align: justify;\">\n<li>\n<p>Spazi interni ed esterni per cerimonie e ricevimenti<\/p>\n<\/li>\n<li>\n<p>Allestimenti personalizzati<\/p>\n<\/li>\n<li>\n<p>Servizi di catering con men\u00f9 su misura<\/p>\n<\/li>\n<li>\n<p>Supporto per la pianificazione e la logistica<\/p>\n<\/li>\n<\/ul>\n<h6 style=\"text-align: justify;\"><strong>Un connubio perfetto tra storia e natura<\/strong><\/h6>\n<p style=\"text-align: justify;\">L\u2019Abbazia Ss. Quirico e Giulitta \u00e8 una location unica, dove la storia si intreccia con la bellezza naturale della campagna laziale. Ogni angolo dell\u2019abbazia racconta secoli di storia, offrendo uno sfondo suggestivo per foto indimenticabili.<\/p>\n<h6 style=\"text-align: justify;\"><strong>Prenotate la vostra visita<\/strong><\/h6>\n<p style=\"text-align: justify;\">Se desiderate scoprire di persona tutto ci\u00f2 che la nostra location per matrimoni a Rieti ha da offrire, non esitate a contattarci. Saremo lieti di accogliervi per una visita e aiutarvi a realizzare il matrimonio dei vostri sogni.<\/p>\n<p style=\"text-align: justify;\">\n<p>[\/et_pb_text][\/et_pb_column][\/et_pb_row][et_pb_row use_custom_gutter=&#8221;on&#8221; gutter_width=&#8221;2&#8243; _builder_version=&#8221;4.27.4&#8243; _module_preset=&#8221;default&#8221; animation_style=&#8221;slide&#8221; animation_direction=&#8221;bottom&#8221; animation_intensity_slide=&#8221;5%&#8221; global_colors_info=&#8221;{}&#8221;][et_pb_column type=&#8221;4_4&#8243; _builder_version=&#8221;4.27.4&#8243; _module_preset=&#8221;default&#8221; global_colors_info=&#8221;{}&#8221;][et_pb_text _builder_version=&#8221;4.16&#8243; _module_preset=&#8221;default&#8221; locked=&#8221;off&#8221; global_colors_info=&#8221;{}&#8221;]<\/p>\n<h2 style=\"text-align: center;\">Gallery<\/h2>\n<p>[\/et_pb_text][et_pb_gallery gallery_ids=&#8221;347,510,511,526,527,525,521,519,518,517,516,514,529,530,541,534,532,531,533,535,539,550,549,547,545,544,560,581&#8243; gallery_orderby=&#8221;rand&#8221; posts_number=&#8221;12&#8243; show_title_and_caption=&#8221;off&#8221; zoom_icon_color=&#8221;#FFFFFF&#8221; hover_overlay_color=&#8221;rgba(75,32,39,0.3)&#8221; _builder_version=&#8221;4.27.4&#8243; _module_preset=&#8221;default&#8221; global_colors_info=&#8221;{}&#8221;][\/et_pb_gallery][\/et_pb_column][\/et_pb_row][et_pb_row column_structure=&#8221;1_2,1_2&#8243; _builder_version=&#8221;4.16&#8243; _module_preset=&#8221;default&#8221; global_colors_info=&#8221;{}&#8221;][et_pb_column type=&#8221;1_2&#8243; _builder_version=&#8221;4.16&#8243; _module_preset=&#8221;default&#8221; animation_style=&#8221;slide&#8221; animation_direction=&#8221;bottom&#8221; animation_intensity_slide=&#8221;5%&#8221; global_colors_info=&#8221;{}&#8221;][et_pb_text _builder_version=&#8221;4.16&#8243; _module_preset=&#8221;default&#8221; global_colors_info=&#8221;{}&#8221;]<\/p>\n<h2 style=\"text-align: justify;\">Informazioni<\/h2>\n<p style=\"text-align: justify;\">L&#8217;Abbazia Ss. Quirico e Giulitta \u00e8 il luogo perfetto per organizzare un matrimonio in grande stile, immersi tra natura e storia. Questa antica abbazia, riconosciuta come Dimora Storica della Regione Lazio, \u00e8 stata recentemente ristrutturata riportando alla luce lo splendore di un tempo, aspetto che la rende una location suggestiva e romantica.<\/p>\n<p>[\/et_pb_text][\/et_pb_column][et_pb_column type=&#8221;1_2&#8243; _builder_version=&#8221;4.16&#8243; _module_preset=&#8221;default&#8221; animation_style=&#8221;slide&#8221; animation_direction=&#8221;bottom&#8221; animation_delay=&#8221;400ms&#8221; animation_intensity_slide=&#8221;5%&#8221; global_colors_info=&#8221;{}&#8221;][et_pb_text _builder_version=&#8221;4.16&#8243; _module_preset=&#8221;default&#8221; global_colors_info=&#8221;{}&#8221;]<\/p>\n<h2 style=\"text-align: justify;\">Spazi e capienza<\/h2>\n<p style=\"text-align: justify;\">L&#8217;Abbazia Ss. Quirico e Giulitta gode di spazi esterni e interni molto ampi ideali per l&#8217;organizzazione di matrimoni estivi e invernali. I giardini esterni saranno perfetti per allestire un aperitivo di benvenuto sontuoso, mentre le sale interne potranno fare da sfondo a un banchetto nuziale apprezzato da tutti i vostri ospiti. L\u2019antica chiesa sconsacrata, pu\u00f2 essere sfondo per la vs. cerimonia civile.<\/p>\n<p>[\/et_pb_text][\/et_pb_column][\/et_pb_row][et_pb_row column_structure=&#8221;1_2,1_2&#8243; _builder_version=&#8221;4.16&#8243; _module_preset=&#8221;default&#8221; global_colors_info=&#8221;{}&#8221;][et_pb_column type=&#8221;1_2&#8243; _builder_version=&#8221;4.16&#8243; _module_preset=&#8221;default&#8221; animation_style=&#8221;slide&#8221; animation_direction=&#8221;bottom&#8221; animation_delay=&#8221;800ms&#8221; animation_intensity_slide=&#8221;5%&#8221; global_colors_info=&#8221;{}&#8221;][et_pb_text _builder_version=&#8221;4.16&#8243; _module_preset=&#8221;default&#8221; global_colors_info=&#8221;{}&#8221;]<\/p>\n<h2 style=\"text-align: justify;\">Servizi offerti<\/h2>\n<p style=\"text-align: justify;\">Il personale, gentile e disponibile, sar\u00e0 sempre pronto a soddisfare ogni vostra esigenza e a regalarvi la giornata che avete sempre desiderato. Grazie alla sua professionalit\u00e0, lo staff potr\u00e0 aiutarvi a organizzare un matrimonio unico e indimenticabile, ancor pi\u00f9 bello di come lo avevate immaginato.<\/p>\n<p>[\/et_pb_text][\/et_pb_column][et_pb_column type=&#8221;1_2&#8243; _builder_version=&#8221;4.16&#8243; _module_preset=&#8221;default&#8221; animation_style=&#8221;slide&#8221; animation_direction=&#8221;bottom&#8221; animation_delay=&#8221;1200ms&#8221; animation_intensity_slide=&#8221;5%&#8221; global_colors_info=&#8221;{}&#8221;][et_pb_text _builder_version=&#8221;4.16&#8243; _module_preset=&#8221;default&#8221; global_colors_info=&#8221;{}&#8221;]<\/p>\n<h2 style=\"text-align: justify;\">Alloggio<\/h2>\n<p style=\"text-align: justify;\">L&#8217;Abbazia Ss. Quirico e Giulitta \u00e8 dotata anche di alcune camere dove potrete soggiornare per la vostra prima notte di nozze, risvegliandovi poi in totale relax e circondati dalla pace e tranquillit\u00e0 tipiche della natura.<\/p>\n<p>[\/et_pb_text][\/et_pb_column][\/et_pb_row][\/et_pb_section]<\/p>\n","protected":false},"excerpt":{"rendered":"<p>L\u2019Abbazia Ss. Quirico e Giulitta \u00e8 la location per matrimoni a Rieti perfetta se ci\u00f2 che amate \u00e8 la tranquillit\u00e0 e la calma della campagna+39 0746 220920Se state cercando una location per matrimoni a Rieti che unisca eleganza, storia e natura, l\u2019Abbazia Ss. Quirico e Giulitta \u00e8 la scelta ideale. Situata nel cuore della campagna [&hellip;]<\/p>\n","protected":false},"author":1,"featured_media":581,"parent":0,"menu_order":0,"comment_status":"closed","ping_status":"closed","template":"","meta":{"_et_pb_use_builder":"on","_et_pb_old_content":"","_et_gb_content_width":"","footnotes":""},"class_list":["post-580","page","type-page","status-publish","has-post-thumbnail","hentry"],"yoast_head":"<!-- This site is optimized with the Yoast SEO plugin v27.4 - https:\/\/yoast.com\/product\/yoast-seo-wordpress\/ -->\n<title>Location per matrimoni a Rieti - Abbazia SS. Quirico e Giulitta<\/title>\n<meta name=\"description\" content=\"L\u2019Abbazia Ss. Quirico e Giulitta \u00e8 la location per matrimoni a Rieti perfetta se ci\u00f2 che amate \u00e8 la tranquillit\u00e0 e la calma della campagna\" \/>\n<meta name=\"robots\" content=\"index, follow, max-snippet:-1, max-image-preview:large, max-video-preview:-1\" \/>\n<link rel=\"canonical\" href=\"https:\/\/www.abbaziasanquirico.it\/en\/location-per-matrimoni-a-rieti\/\" \/>\n<meta property=\"og:locale\" content=\"en_US\" \/>\n<meta property=\"og:type\" content=\"article\" \/>\n<meta property=\"og:title\" content=\"Location per matrimoni a Rieti - Abbazia SS. Quirico e Giulitta\" \/>\n<meta property=\"og:description\" content=\"L\u2019Abbazia Ss. Quirico e Giulitta \u00e8 la location per matrimoni a Rieti perfetta se ci\u00f2 che amate \u00e8 la tranquillit\u00e0 e la calma della campagna\" \/>\n<meta property=\"og:url\" content=\"https:\/\/www.abbaziasanquirico.it\/en\/location-per-matrimoni-a-rieti\/\" \/>\n<meta property=\"og:site_name\" content=\"Abbazia SS. Quirico e Giulitta\" \/>\n<meta property=\"article:modified_time\" content=\"2025-03-31T15:00:09+00:00\" \/>\n<meta property=\"og:image\" content=\"https:\/\/www.abbaziasanquirico.it\/wp-content\/uploads\/2021\/11\/BG-Wedding-e-cerimonie.jpg\" \/>\n\t<meta property=\"og:image:width\" content=\"960\" \/>\n\t<meta property=\"og:image:height\" content=\"641\" \/>\n\t<meta property=\"og:image:type\" content=\"image\/jpeg\" \/>\n<meta name=\"twitter:card\" content=\"summary_large_image\" \/>\n<meta name=\"twitter:label1\" content=\"Est. reading time\" \/>\n\t<meta name=\"twitter:data1\" content=\"9 minutes\" \/>\n<script type=\"application\/ld+json\" class=\"yoast-schema-graph\">{\"@context\":\"https:\\\/\\\/schema.org\",\"@graph\":[{\"@type\":\"WebPage\",\"@id\":\"https:\\\/\\\/www.abbaziasanquirico.it\\\/location-per-matrimoni-a-rieti\\\/\",\"url\":\"https:\\\/\\\/www.abbaziasanquirico.it\\\/location-per-matrimoni-a-rieti\\\/\",\"name\":\"Location per matrimoni a Rieti - Abbazia SS. Quirico e Giulitta\",\"isPartOf\":{\"@id\":\"https:\\\/\\\/www.abbaziasanquirico.it\\\/#website\"},\"primaryImageOfPage\":{\"@id\":\"https:\\\/\\\/www.abbaziasanquirico.it\\\/location-per-matrimoni-a-rieti\\\/#primaryimage\"},\"image\":{\"@id\":\"https:\\\/\\\/www.abbaziasanquirico.it\\\/location-per-matrimoni-a-rieti\\\/#primaryimage\"},\"thumbnailUrl\":\"https:\\\/\\\/www.abbaziasanquirico.it\\\/wp-content\\\/uploads\\\/2021\\\/11\\\/BG-Wedding-e-cerimonie.jpg\",\"datePublished\":\"2021-11-24T11:09:07+00:00\",\"dateModified\":\"2025-03-31T15:00:09+00:00\",\"description\":\"L\u2019Abbazia Ss. Quirico e Giulitta \u00e8 la location per matrimoni a Rieti perfetta se ci\u00f2 che amate \u00e8 la tranquillit\u00e0 e la calma della campagna\",\"breadcrumb\":{\"@id\":\"https:\\\/\\\/www.abbaziasanquirico.it\\\/location-per-matrimoni-a-rieti\\\/#breadcrumb\"},\"inLanguage\":\"en-US\",\"potentialAction\":[{\"@type\":\"ReadAction\",\"target\":[\"https:\\\/\\\/www.abbaziasanquirico.it\\\/location-per-matrimoni-a-rieti\\\/\"]}]},{\"@type\":\"ImageObject\",\"inLanguage\":\"en-US\",\"@id\":\"https:\\\/\\\/www.abbaziasanquirico.it\\\/location-per-matrimoni-a-rieti\\\/#primaryimage\",\"url\":\"https:\\\/\\\/www.abbaziasanquirico.it\\\/wp-content\\\/uploads\\\/2021\\\/11\\\/BG-Wedding-e-cerimonie.jpg\",\"contentUrl\":\"https:\\\/\\\/www.abbaziasanquirico.it\\\/wp-content\\\/uploads\\\/2021\\\/11\\\/BG-Wedding-e-cerimonie.jpg\",\"width\":960,\"height\":641},{\"@type\":\"BreadcrumbList\",\"@id\":\"https:\\\/\\\/www.abbaziasanquirico.it\\\/location-per-matrimoni-a-rieti\\\/#breadcrumb\",\"itemListElement\":[{\"@type\":\"ListItem\",\"position\":1,\"name\":\"Home\",\"item\":\"https:\\\/\\\/www.abbaziasanquirico.it\\\/\"},{\"@type\":\"ListItem\",\"position\":2,\"name\":\"Location per matrimoni a Rieti\"}]},{\"@type\":\"WebSite\",\"@id\":\"https:\\\/\\\/www.abbaziasanquirico.it\\\/#website\",\"url\":\"https:\\\/\\\/www.abbaziasanquirico.it\\\/\",\"name\":\"Abbazia SS. Quirico e Giulitta\",\"description\":\"Abbazia SS. Quirico e Giulitta\",\"publisher\":{\"@id\":\"https:\\\/\\\/www.abbaziasanquirico.it\\\/#organization\"},\"potentialAction\":[{\"@type\":\"SearchAction\",\"target\":{\"@type\":\"EntryPoint\",\"urlTemplate\":\"https:\\\/\\\/www.abbaziasanquirico.it\\\/?s={search_term_string}\"},\"query-input\":{\"@type\":\"PropertyValueSpecification\",\"valueRequired\":true,\"valueName\":\"search_term_string\"}}],\"inLanguage\":\"en-US\"},{\"@type\":\"Organization\",\"@id\":\"https:\\\/\\\/www.abbaziasanquirico.it\\\/#organization\",\"name\":\"Abbazia La Corte - SS. Quirico e Giulitta\",\"url\":\"https:\\\/\\\/www.abbaziasanquirico.it\\\/\",\"logo\":{\"@type\":\"ImageObject\",\"inLanguage\":\"en-US\",\"@id\":\"https:\\\/\\\/www.abbaziasanquirico.it\\\/#\\\/schema\\\/logo\\\/image\\\/\",\"url\":\"https:\\\/\\\/i0.wp.com\\\/www.abbaziasanquirico.it\\\/wp-content\\\/uploads\\\/2021\\\/10\\\/Logo-Abbazia-La-Corte-SS.-Quirico-e-Giulitta.png?fit=1920%2C1408&ssl=1\",\"contentUrl\":\"https:\\\/\\\/i0.wp.com\\\/www.abbaziasanquirico.it\\\/wp-content\\\/uploads\\\/2021\\\/10\\\/Logo-Abbazia-La-Corte-SS.-Quirico-e-Giulitta.png?fit=1920%2C1408&ssl=1\",\"width\":1920,\"height\":1408,\"caption\":\"Abbazia La Corte - SS. Quirico e Giulitta\"},\"image\":{\"@id\":\"https:\\\/\\\/www.abbaziasanquirico.it\\\/#\\\/schema\\\/logo\\\/image\\\/\"}}]}<\/script>\n<!-- \/ Yoast SEO plugin. -->","yoast_head_json":{"title":"Location per matrimoni a Rieti - Abbazia SS. Quirico e Giulitta","description":"L\u2019Abbazia Ss. Quirico e Giulitta \u00e8 la location per matrimoni a Rieti perfetta se ci\u00f2 che amate \u00e8 la tranquillit\u00e0 e la calma della campagna","robots":{"index":"index","follow":"follow","max-snippet":"max-snippet:-1","max-image-preview":"max-image-preview:large","max-video-preview":"max-video-preview:-1"},"canonical":"https:\/\/www.abbaziasanquirico.it\/en\/location-per-matrimoni-a-rieti\/","og_locale":"en_US","og_type":"article","og_title":"Location per matrimoni a Rieti - Abbazia SS. Quirico e Giulitta","og_description":"L\u2019Abbazia Ss. Quirico e Giulitta \u00e8 la location per matrimoni a Rieti perfetta se ci\u00f2 che amate \u00e8 la tranquillit\u00e0 e la calma della campagna","og_url":"https:\/\/www.abbaziasanquirico.it\/en\/location-per-matrimoni-a-rieti\/","og_site_name":"Abbazia SS. Quirico e Giulitta","article_modified_time":"2025-03-31T15:00:09+00:00","og_image":[{"width":960,"height":641,"url":"https:\/\/www.abbaziasanquirico.it\/wp-content\/uploads\/2021\/11\/BG-Wedding-e-cerimonie.jpg","type":"image\/jpeg"}],"twitter_card":"summary_large_image","twitter_misc":{"Est. reading time":"9 minutes"},"schema":{"@context":"https:\/\/schema.org","@graph":[{"@type":"WebPage","@id":"https:\/\/www.abbaziasanquirico.it\/location-per-matrimoni-a-rieti\/","url":"https:\/\/www.abbaziasanquirico.it\/location-per-matrimoni-a-rieti\/","name":"Location per matrimoni a Rieti - Abbazia SS. Quirico e Giulitta","isPartOf":{"@id":"https:\/\/www.abbaziasanquirico.it\/#website"},"primaryImageOfPage":{"@id":"https:\/\/www.abbaziasanquirico.it\/location-per-matrimoni-a-rieti\/#primaryimage"},"image":{"@id":"https:\/\/www.abbaziasanquirico.it\/location-per-matrimoni-a-rieti\/#primaryimage"},"thumbnailUrl":"https:\/\/www.abbaziasanquirico.it\/wp-content\/uploads\/2021\/11\/BG-Wedding-e-cerimonie.jpg","datePublished":"2021-11-24T11:09:07+00:00","dateModified":"2025-03-31T15:00:09+00:00","description":"L\u2019Abbazia Ss. Quirico e Giulitta \u00e8 la location per matrimoni a Rieti perfetta se ci\u00f2 che amate \u00e8 la tranquillit\u00e0 e la calma della campagna","breadcrumb":{"@id":"https:\/\/www.abbaziasanquirico.it\/location-per-matrimoni-a-rieti\/#breadcrumb"},"inLanguage":"en-US","potentialAction":[{"@type":"ReadAction","target":["https:\/\/www.abbaziasanquirico.it\/location-per-matrimoni-a-rieti\/"]}]},{"@type":"ImageObject","inLanguage":"en-US","@id":"https:\/\/www.abbaziasanquirico.it\/location-per-matrimoni-a-rieti\/#primaryimage","url":"https:\/\/www.abbaziasanquirico.it\/wp-content\/uploads\/2021\/11\/BG-Wedding-e-cerimonie.jpg","contentUrl":"https:\/\/www.abbaziasanquirico.it\/wp-content\/uploads\/2021\/11\/BG-Wedding-e-cerimonie.jpg","width":960,"height":641},{"@type":"BreadcrumbList","@id":"https:\/\/www.abbaziasanquirico.it\/location-per-matrimoni-a-rieti\/#breadcrumb","itemListElement":[{"@type":"ListItem","position":1,"name":"Home","item":"https:\/\/www.abbaziasanquirico.it\/"},{"@type":"ListItem","position":2,"name":"Location per matrimoni a Rieti"}]},{"@type":"WebSite","@id":"https:\/\/www.abbaziasanquirico.it\/#website","url":"https:\/\/www.abbaziasanquirico.it\/","name":"Abbazia SS. Quirico e Giulitta","description":"Abbazia SS. Quirico e Giulitta","publisher":{"@id":"https:\/\/www.abbaziasanquirico.it\/#organization"},"potentialAction":[{"@type":"SearchAction","target":{"@type":"EntryPoint","urlTemplate":"https:\/\/www.abbaziasanquirico.it\/?s={search_term_string}"},"query-input":{"@type":"PropertyValueSpecification","valueRequired":true,"valueName":"search_term_string"}}],"inLanguage":"en-US"},{"@type":"Organization","@id":"https:\/\/www.abbaziasanquirico.it\/#organization","name":"Abbazia La Corte - SS. Quirico e Giulitta","url":"https:\/\/www.abbaziasanquirico.it\/","logo":{"@type":"ImageObject","inLanguage":"en-US","@id":"https:\/\/www.abbaziasanquirico.it\/#\/schema\/logo\/image\/","url":"https:\/\/i0.wp.com\/www.abbaziasanquirico.it\/wp-content\/uploads\/2021\/10\/Logo-Abbazia-La-Corte-SS.-Quirico-e-Giulitta.png?fit=1920%2C1408&ssl=1","contentUrl":"https:\/\/i0.wp.com\/www.abbaziasanquirico.it\/wp-content\/uploads\/2021\/10\/Logo-Abbazia-La-Corte-SS.-Quirico-e-Giulitta.png?fit=1920%2C1408&ssl=1","width":1920,"height":1408,"caption":"Abbazia La Corte - SS. Quirico e Giulitta"},"image":{"@id":"https:\/\/www.abbaziasanquirico.it\/#\/schema\/logo\/image\/"}}]}},"_links":{"self":[{"href":"https:\/\/www.abbaziasanquirico.it\/en\/wp-json\/wp\/v2\/pages\/580","targetHints":{"allow":["GET"]}}],"collection":[{"href":"https:\/\/www.abbaziasanquirico.it\/en\/wp-json\/wp\/v2\/pages"}],"about":[{"href":"https:\/\/www.abbaziasanquirico.it\/en\/wp-json\/wp\/v2\/types\/page"}],"author":[{"embeddable":true,"href":"https:\/\/www.abbaziasanquirico.it\/en\/wp-json\/wp\/v2\/users\/1"}],"replies":[{"embeddable":true,"href":"https:\/\/www.abbaziasanquirico.it\/en\/wp-json\/wp\/v2\/comments?post=580"}],"version-history":[{"count":31,"href":"https:\/\/www.abbaziasanquirico.it\/en\/wp-json\/wp\/v2\/pages\/580\/revisions"}],"predecessor-version":[{"id":1045,"href":"https:\/\/www.abbaziasanquirico.it\/en\/wp-json\/wp\/v2\/pages\/580\/revisions\/1045"}],"wp:featuredmedia":[{"embeddable":true,"href":"https:\/\/www.abbaziasanquirico.it\/en\/wp-json\/wp\/v2\/media\/581"}],"wp:attachment":[{"href":"https:\/\/www.abbaziasanquirico.it\/en\/wp-json\/wp\/v2\/media?parent=580"}],"curies":[{"name":"wp","href":"https:\/\/api.w.org\/{rel}","templated":true}]}}