{"id":8,"date":"2021-10-05T17:30:03","date_gmt":"2021-10-05T15:30:03","guid":{"rendered":"https:\/\/abbaziasanquirico.it\/?page_id=8"},"modified":"2025-03-31T16:27:38","modified_gmt":"2025-03-31T14:27:38","slug":"home","status":"publish","type":"page","link":"https:\/\/www.abbaziasanquirico.it\/en\/","title":{"rendered":"Home"},"content":{"rendered":"<p>[et_pb_section fb_built=&#8221;1&#8243; fullwidth=&#8221;on&#8221; _builder_version=&#8221;4.27.4&#8243; _module_preset=&#8221;default&#8221; global_colors_info=&#8221;{}&#8221;][et_pb_fullwidth_slider use_bg_overlay=&#8221;off&#8221; use_text_overlay=&#8221;off&#8221; module_class=&#8221;slide-home&#8221; _builder_version=&#8221;4.27.4&#8243; _module_preset=&#8221;default&#8221; header_level=&#8221;h1&#8243; body_font=&#8221;&#8211;et_global_heading_font||||||||&#8221; custom_button=&#8221;on&#8221; button_text_size=&#8221;16px&#8221; button_border_color=&#8221;#FFFFFF&#8221; custom_padding_phone=&#8221;100px||100px||true|false&#8221; custom_padding_last_edited=&#8221;off|desktop&#8221; auto=&#8221;on&#8221; auto_ignore_hover=&#8221;on&#8221; header_font_size_tablet=&#8221;40px&#8221; header_font_size_phone=&#8221;40px&#8221; header_font_size_last_edited=&#8221;on|tablet&#8221; global_colors_info=&#8221;{}&#8221; button_border_color__hover_enabled=&#8221;on|hover&#8221; button_border_color__hover=&#8221;#FFFFFF&#8221;][et_pb_slide heading=&#8221;Location per matrimoni a Rieti&#8221; button_text=&#8221;Scopri di pi\u00f9&#8221; button_link=&#8221;https:\/\/www.abbaziasanquirico.it\/location-per-matrimoni-a-rieti\/&#8221; use_bg_overlay=&#8221;on&#8221; bg_overlay_color=&#8221;rgba(75,32,39,0.42)&#8221; use_text_overlay=&#8221;off&#8221; _builder_version=&#8221;4.27.4&#8243; _module_preset=&#8221;default&#8221; background_enable_color=&#8221;off&#8221; background_image=&#8221;https:\/\/www.abbaziasanquirico.it\/wp-content\/uploads\/2021\/11\/Galleria-Abbazia-04.jpg&#8221; background_enable_image=&#8221;on&#8221; parallax=&#8221;on&#8221; parallax_method=&#8221;off&#8221; custom_button=&#8221;on&#8221; button_text_color=&#8221;#4B2027&#8243; button_bg_color=&#8221;#FFFFFF&#8221; button_font=&#8221;||||||||&#8221; button_use_icon=&#8221;on&#8221; button_icon_color=&#8221;#4B2027&#8243; max_width=&#8221;800px&#8221; hover_enabled=&#8221;0&#8243; global_colors_info=&#8221;{}&#8221; button_bg_color__hover_enabled=&#8221;on|hover&#8221; button_bg_color__hover=&#8221;#FFFFFF&#8221; button_bg_enable_color__hover=&#8221;on&#8221; button_icon_color__hover_enabled=&#8221;on|hover&#8221; button_icon_color__hover=&#8221;#4B2027&#8243; sticky_transition=&#8221;on&#8221; sticky_enabled=&#8221;0&#8243;]<\/p>\n<h3 style=\"font-family: Open Sans; font-size: 15px; line-height: 25px;\">L\u2019Abbazia Ss. Quirico e Giulitta \u00e8 il luogo perfetto per organizzare un matrimonio in grande stile, se ci\u00f2 che amate \u00e8 la tranquillit\u00e0 e la calma della campagna.<\/h3>\n<p>[\/et_pb_slide][et_pb_slide heading=&#8221;Abbazia La Corte SS. Quirico e Giulitta&#8221; button_text=&#8221;Scopri di pi\u00f9&#8221; button_link=&#8221;#storia&#8221; use_bg_overlay=&#8221;on&#8221; bg_overlay_color=&#8221;rgba(75,32,39,0.67)&#8221; use_text_overlay=&#8221;off&#8221; _builder_version=&#8221;4.27.4&#8243; _module_preset=&#8221;default&#8221; background_enable_color=&#8221;off&#8221; background_image=&#8221;https:\/\/www.abbaziasanquirico.it\/wp-content\/uploads\/2021\/11\/Galleria-Abbazia-36.jpg&#8221; background_enable_image=&#8221;on&#8221; parallax=&#8221;on&#8221; parallax_method=&#8221;off&#8221; custom_button=&#8221;on&#8221; button_text_color=&#8221;#4B2027&#8243; button_bg_color=&#8221;#FFFFFF&#8221; button_font=&#8221;||||||||&#8221; button_use_icon=&#8221;on&#8221; button_icon_color=&#8221;#4B2027&#8243; max_width=&#8221;800px&#8221; hover_enabled=&#8221;0&#8243; global_colors_info=&#8221;{}&#8221; button_bg_color__hover_enabled=&#8221;on|hover&#8221; button_bg_color__hover=&#8221;#FFFFFF&#8221; button_bg_enable_color__hover=&#8221;on&#8221; button_icon_color__hover_enabled=&#8221;on|hover&#8221; button_icon_color__hover=&#8221;#4B2027&#8243; sticky_transition=&#8221;on&#8221; header_level=&#8221;h1&#8243; sticky_enabled=&#8221;0&#8243;]<\/p>\n<h2 style=\"font-family: Open Sans; font-size: 15px; line-height: 25px;\">Location per cerimonie ed eventi. Il luogo perfetto per organizzare un matrimonio in grande stile a Micigliano, in provincia di Rieti<\/h2>\n<p>[\/et_pb_slide][\/et_pb_fullwidth_slider][\/et_pb_section][et_pb_section fb_built=&#8221;1&#8243; _builder_version=&#8221;4.16&#8243; _module_preset=&#8221;default&#8221; min_height=&#8221;0px&#8221; height=&#8221;0px&#8221; max_height=&#8221;0px&#8221; custom_margin=&#8221;0px||0px||true|false&#8221; custom_padding=&#8221;0px||0px||true|false&#8221; global_colors_info=&#8221;{}&#8221;][et_pb_row _builder_version=&#8221;4.16&#8243; _module_preset=&#8221;default&#8221; min_height=&#8221;0px&#8221; height=&#8221;0px&#8221; max_height=&#8221;0px&#8221; custom_margin=&#8221;0px||0px||true|false&#8221; custom_padding=&#8221;0px||0px||true|false&#8221; custom_css_main_element=&#8221;min-height: 0px !important;&#8221; global_colors_info=&#8221;{}&#8221;][et_pb_column type=&#8221;4_4&#8243; _builder_version=&#8221;4.16&#8243; _module_preset=&#8221;default&#8221; custom_padding=&#8221;0px||0px||true|false&#8221; global_colors_info=&#8221;{}&#8221;][et_pb_divider show_divider=&#8221;off&#8221; module_id=&#8221;storia&#8221; _builder_version=&#8221;4.16&#8243; _module_preset=&#8221;default&#8221; min_height=&#8221;0px&#8221; height=&#8221;0px&#8221; max_height=&#8221;0px&#8221; custom_margin=&#8221;0px||0px||true|false&#8221; custom_padding=&#8221;0px||0px||true|false&#8221; global_colors_info=&#8221;{}&#8221;][\/et_pb_divider][\/et_pb_column][\/et_pb_row][\/et_pb_section][et_pb_section fb_built=&#8221;1&#8243; disabled_on=&#8221;off|off|off&#8221; _builder_version=&#8221;4.27.4&#8243; _module_preset=&#8221;default&#8221; custom_padding=&#8221;||0px||false|false&#8221; global_colors_info=&#8221;{}&#8221;][et_pb_row column_structure=&#8221;1_2,1_2&#8243; use_custom_gutter=&#8221;on&#8221; gutter_width=&#8221;1&#8243; make_equal=&#8221;on&#8221; _builder_version=&#8221;4.27.4&#8243; _module_preset=&#8221;default&#8221; width=&#8221;100%&#8221; max_width=&#8221;100%&#8221; custom_margin=&#8221;0px||0px||false|false&#8221; custom_padding=&#8221;0px||0px||true|false&#8221; custom_css_main_element=&#8221;align-items: center;&#8221; global_colors_info=&#8221;{}&#8221;][et_pb_column type=&#8221;1_2&#8243; _builder_version=&#8221;4.16&#8243; _module_preset=&#8221;default&#8221; background_enable_image=&#8221;off&#8221; global_colors_info=&#8221;{}&#8221;][et_pb_divider show_divider=&#8221;off&#8221; module_class=&#8221;scroll-img-left&#8221; _builder_version=&#8221;4.27.4&#8243; _module_preset=&#8221;default&#8221; background_image=&#8221;https:\/\/www.abbaziasanquirico.it\/wp-content\/uploads\/2021\/10\/BG-Storia-04.jpg&#8221; parallax=&#8221;on&#8221; height=&#8221;800px&#8221; height_tablet=&#8221;400px&#8221; height_phone=&#8221;300px&#8221; height_last_edited=&#8221;on|tablet&#8221; global_colors_info=&#8221;{}&#8221;][\/et_pb_divider][\/et_pb_column][et_pb_column type=&#8221;1_2&#8243; module_class=&#8221;testo-fixed&#8221; _builder_version=&#8221;4.27.4&#8243; _module_preset=&#8221;default&#8221; custom_padding=&#8221;0px|80px|0px|80px|false|true&#8221; custom_padding_tablet=&#8221;50px|50px|50px|50px|true|true&#8221; custom_padding_phone=&#8221;50px|50px|50px|50px|true|true&#8221; custom_padding_last_edited=&#8221;on|tablet&#8221; sticky_limit_bottom=&#8221;section&#8221; motion_trigger_start=&#8221;top&#8221; global_colors_info=&#8221;{}&#8221;][et_pb_text _builder_version=&#8221;4.16&#8243; _module_preset=&#8221;default&#8221; header_3_font_size=&#8221;50px&#8221; global_colors_info=&#8221;{}&#8221;]<\/p>\n<h3 style=\"text-align: left;\"><span style=\"color: #4b2027;\">Storia<\/span><\/h3>\n<p style=\"text-align: justify;\">L&#8217;incantevole <strong>Abbazia dei Santi Quirico e Giulitta<\/strong>, a <strong>Micigliano<\/strong>, si affaccia tra la via <strong>Salaria<\/strong> e il<strong> fiume Velino<\/strong>. Questo monastero, pare fondato nella prima met\u00e0 del X secolo dai Benedettini anche se, a causa della perdita del suo archivio le notizie sono limitate e vengono alla luce solo nell&#8217;XI e nel XII secolo. Le prime notizie certe attestanti la sua esistenza risalgono al 984.<\/p>\n<p style=\"text-align: justify;\">In et\u00e0 Medievale, l&#8217;<strong>Abbazia dei Santi Quirico e Giulitta<\/strong> possedeva un ruolo di rilevante importanza nell&#8217;organizzazione territoriale dell&#8217;<strong>Alta Valle del Velino<\/strong> e la sua potenza \u00e8 attestata dalla documentazione&#8230;<\/p>\n<p>[\/et_pb_text][et_pb_button button_url=&#8221;https:\/\/www.abbaziasanquirico.it\/storia&#8221; button_text=&#8221;Leggi di pi\u00f9&#8221; button_alignment=&#8221;left&#8221; _builder_version=&#8221;4.16&#8243; _module_preset=&#8221;default&#8221; custom_margin=&#8221;25px||||false|false&#8221; global_colors_info=&#8221;{}&#8221;][\/et_pb_button][\/et_pb_column][\/et_pb_row][\/et_pb_section][et_pb_section fb_built=&#8221;1&#8243; disabled_on=&#8221;off|off|off&#8221; _builder_version=&#8221;4.27.4&#8243; _module_preset=&#8221;default&#8221; custom_padding=&#8221;0px||0px||false|false&#8221; global_colors_info=&#8221;{}&#8221;][et_pb_row column_structure=&#8221;1_2,1_2&#8243; use_custom_gutter=&#8221;on&#8221; gutter_width=&#8221;1&#8243; make_equal=&#8221;on&#8221; _builder_version=&#8221;4.27.4&#8243; _module_preset=&#8221;default&#8221; width=&#8221;100%&#8221; max_width=&#8221;100%&#8221; custom_margin=&#8221;0px||0px||false|false&#8221; custom_padding=&#8221;0px||0px||true|false&#8221; custom_css_main_element=&#8221;align-items: center;&#8221; global_colors_info=&#8221;{}&#8221; custom_css_main_element_last_edited=&#8221;on|tablet&#8221; custom_css_main_element_tablet=&#8221;display: flex;||flex-direction: column;&#8221; custom_css_main_element_phone=&#8221;display: flex;||flex-direction: column;&#8221;][et_pb_column type=&#8221;1_2&#8243; module_class=&#8221;testo-fixed&#8221; _builder_version=&#8221;4.27.4&#8243; _module_preset=&#8221;default&#8221; custom_padding=&#8221;0px|80px|0px|80px|false|true&#8221; custom_padding_tablet=&#8221;50px|50px|50px|50px|true|true&#8221; custom_padding_phone=&#8221;50px|50px|50px|50px|true|true&#8221; custom_padding_last_edited=&#8221;on|tablet&#8221; sticky_limit_bottom=&#8221;section&#8221; motion_trigger_start=&#8221;top&#8221; global_colors_info=&#8221;{}&#8221; custom_css_main_element_last_edited=&#8221;on|tablet&#8221; custom_css_main_element_tablet=&#8221;order: 2;&#8221; custom_css_main_element_phone=&#8221;order: 2;&#8221;][et_pb_text _builder_version=&#8221;4.27.4&#8243; _module_preset=&#8221;default&#8221; header_3_font_size=&#8221;50px&#8221; hover_enabled=&#8221;0&#8243; global_colors_info=&#8221;{}&#8221; sticky_enabled=&#8221;0&#8243;]<\/p>\n<h3 style=\"text-align: left;\"><span style=\"color: #4b2027;\">Location per matrimoni a Rieti<\/span><\/h3>\n<p style=\"text-align: justify;\">L&#8217;Abbazia Ss. Quirico e Giulitta \u00e8 il luogo perfetto per organizzare un matrimonio in grande stile, se ci\u00f2 che amate \u00e8 la tranquillit\u00e0 e la calma della campagna. Questa antica abbazia \u00e8 stata recentemente ristrutturata riportando alla luce lo splendore di un tempo, aspetto che la rende una location alquanto suggestiva e romantica.<\/p>\n<p style=\"text-align: justify;\">Grazie alla sua professionalit\u00e0, lo staff potr\u00e0 aiutarvi a organizzare un matrimonio unico e indimenticabile, ancor pi\u00f9 bello di come lo avevate immaginato.<\/p>\n<p>[\/et_pb_text][et_pb_button button_url=&#8221;https:\/\/www.abbaziasanquirico.it\/location-per-matrimoni-a-rieti\/&#8221; button_text=&#8221;Scopri di pi\u00f9&#8221; button_alignment=&#8221;left&#8221; _builder_version=&#8221;4.27.4&#8243; _module_preset=&#8221;default&#8221; custom_margin=&#8221;25px||||false|false&#8221; global_colors_info=&#8221;{}&#8221;][\/et_pb_button][\/et_pb_column][et_pb_column type=&#8221;1_2&#8243; _builder_version=&#8221;4.27.4&#8243; _module_preset=&#8221;default&#8221; background_enable_image=&#8221;off&#8221; global_colors_info=&#8221;{}&#8221; custom_css_main_element_last_edited=&#8221;on|tablet&#8221; custom_css_main_element_tablet=&#8221;order: 1;&#8221; custom_css_main_element_phone=&#8221;order: 1;&#8221;][et_pb_divider show_divider=&#8221;off&#8221; _builder_version=&#8221;4.27.4&#8243; _module_preset=&#8221;default&#8221; background_image=&#8221;https:\/\/www.abbaziasanquirico.it\/wp-content\/uploads\/2021\/11\/BG-Wedding-e-cerimonie.jpg&#8221; parallax=&#8221;on&#8221; height=&#8221;800px&#8221; height_tablet=&#8221;400px&#8221; height_phone=&#8221;300px&#8221; height_last_edited=&#8221;on|tablet&#8221; global_colors_info=&#8221;{}&#8221;][\/et_pb_divider][\/et_pb_column][\/et_pb_row][\/et_pb_section][et_pb_section fb_built=&#8221;1&#8243; _builder_version=&#8221;4.27.4&#8243; _module_preset=&#8221;default&#8221; custom_margin=&#8221;0px||0px||true|false&#8221; custom_padding=&#8221;||||false|false&#8221; global_colors_info=&#8221;{}&#8221;][et_pb_row column_structure=&#8221;1_2,1_2&#8243; use_custom_gutter=&#8221;on&#8221; gutter_width=&#8221;1&#8243; _builder_version=&#8221;4.27.4&#8243; _module_preset=&#8221;default&#8221; width=&#8221;100%&#8221; max_width=&#8221;100%&#8221; custom_margin=&#8221;0px||0px||true|false&#8221; custom_padding=&#8221;0px||0px||true|false&#8221; global_colors_info=&#8221;{}&#8221;][et_pb_column type=&#8221;1_2&#8243; _builder_version=&#8221;4.16&#8243; _module_preset=&#8221;default&#8221; global_colors_info=&#8221;{}&#8221;][et_pb_gallery gallery_ids=&#8221;508,509,510,511,512,513,514,515,516,517,518,519,520,521,522,523,524,525,526,527,528,529,530,531,532,533,534,535,536,537,538,539,540,541,542,543,544,545,546,547,548,549,550,551&#8243; gallery_orderby=&#8221;rand&#8221; fullwidth=&#8221;on&#8221; module_class=&#8221;img-galleria&#8221; _builder_version=&#8221;4.27.4&#8243; _module_preset=&#8221;default&#8221; auto=&#8221;on&#8221; auto_speed=&#8221;5000&#8243; global_colors_info=&#8221;{}&#8221;][\/et_pb_gallery][\/et_pb_column][et_pb_column type=&#8221;1_2&#8243; _builder_version=&#8221;4.16&#8243; _module_preset=&#8221;default&#8221; global_colors_info=&#8221;{}&#8221;][et_pb_code module_class=&#8221;virtual-tour&#8221; _builder_version=&#8221;4.27.4&#8243; _module_preset=&#8221;default&#8221; global_colors_info=&#8221;{}&#8221;]<script src=\"https:\/\/www.matrimonio.com\/js\/wp-tours.js?odyssey-IT73-1-20210921-002_www_m_\"><\/script><\/p>\n<div id=\"wp-widget-tours-217361-3902\"><a href=\"https:\/\/www.matrimonio.com\/location-matrimoni\/abbazia-ss-quirico-e-giulitta--e217361\/tours\/3902\" target=\"_blank\" rel=\"noopener\"><\/p>\n<div class=\"weddingwireWidgetVideo3dTour\"><video id=\"vid-217361-3902\" autoplay=\"false\" loop=\"\" muted=\"\"><source src=\"https:\/\/cdn0.matrimonio.com\/tours\/videos\/3\/9\/0\/2\/3902.mp4\" type=\"video\/mp4\"><\/video><\/div>\n<p> Visita il nostro Tour Virtuale <\/a><\/div>\n<p><script>wpShowTour(3902, 'wp-widget-tours-217361-3902');<\/script>[\/et_pb_code][\/et_pb_column][\/et_pb_row][\/et_pb_section]<\/p>\n","protected":false},"excerpt":{"rendered":"<p>L\u2019Abbazia Ss. Quirico e Giulitta \u00e8 il luogo perfetto per organizzare un matrimonio in grande stile, se ci\u00f2 che amate \u00e8 la tranquillit\u00e0 e la calma della campagna.Location per cerimonie ed eventi. Il luogo perfetto per organizzare un matrimonio in grande stile a Micigliano, in provincia di RietiStoria L&#8217;incantevole Abbazia dei Santi Quirico e Giulitta, [&hellip;]<\/p>\n","protected":false},"author":1,"featured_media":31,"parent":0,"menu_order":0,"comment_status":"closed","ping_status":"closed","template":"","meta":{"_et_pb_use_builder":"on","_et_pb_old_content":"","_et_gb_content_width":"","footnotes":""},"class_list":["post-8","page","type-page","status-publish","has-post-thumbnail","hentry"],"yoast_head":"<!-- This site is optimized with the Yoast SEO plugin v27.4 - https:\/\/yoast.com\/product\/yoast-seo-wordpress\/ -->\n<title>Abbazia La Corte - SS. Quirico e Giulitta<\/title>\n<meta name=\"description\" content=\"Abbazia SS Quirico e Giulitta. Location per cerimonie ed eventi. Il luogo perfetto per organizzare un matrimonio in grande stile a Rieti\" \/>\n<meta name=\"robots\" content=\"index, follow, max-snippet:-1, max-image-preview:large, max-video-preview:-1\" \/>\n<link rel=\"canonical\" href=\"https:\/\/www.abbaziasanquirico.it\/en\/\" \/>\n<meta property=\"og:locale\" content=\"en_US\" \/>\n<meta property=\"og:type\" content=\"article\" \/>\n<meta property=\"og:title\" content=\"Abbazia La Corte - SS. Quirico e Giulitta\" \/>\n<meta property=\"og:description\" content=\"Abbazia SS Quirico e Giulitta. Location per cerimonie ed eventi. Il luogo perfetto per organizzare un matrimonio in grande stile a Rieti\" \/>\n<meta property=\"og:url\" content=\"https:\/\/www.abbaziasanquirico.it\/en\/\" \/>\n<meta property=\"og:site_name\" content=\"Abbazia SS. Quirico e Giulitta\" \/>\n<meta property=\"article:modified_time\" content=\"2025-03-31T14:27:38+00:00\" \/>\n<meta property=\"og:image\" content=\"https:\/\/www.abbaziasanquirico.it\/wp-content\/uploads\/2021\/10\/BG.jpg\" \/>\n\t<meta property=\"og:image:width\" content=\"1000\" \/>\n\t<meta property=\"og:image:height\" content=\"750\" \/>\n\t<meta property=\"og:image:type\" content=\"image\/jpeg\" \/>\n<meta name=\"twitter:card\" content=\"summary_large_image\" \/>\n<meta name=\"twitter:label1\" content=\"Est. reading time\" \/>\n\t<meta name=\"twitter:data1\" content=\"7 minutes\" \/>\n<script type=\"application\/ld+json\" class=\"yoast-schema-graph\">{\"@context\":\"https:\\\/\\\/schema.org\",\"@graph\":[{\"@type\":\"WebPage\",\"@id\":\"https:\\\/\\\/www.abbaziasanquirico.it\\\/\",\"url\":\"https:\\\/\\\/www.abbaziasanquirico.it\\\/\",\"name\":\"Abbazia La Corte - SS. Quirico e Giulitta\",\"isPartOf\":{\"@id\":\"https:\\\/\\\/www.abbaziasanquirico.it\\\/#website\"},\"primaryImageOfPage\":{\"@id\":\"https:\\\/\\\/www.abbaziasanquirico.it\\\/#primaryimage\"},\"image\":{\"@id\":\"https:\\\/\\\/www.abbaziasanquirico.it\\\/#primaryimage\"},\"thumbnailUrl\":\"https:\\\/\\\/www.abbaziasanquirico.it\\\/wp-content\\\/uploads\\\/2021\\\/10\\\/BG.jpg\",\"datePublished\":\"2021-10-05T15:30:03+00:00\",\"dateModified\":\"2025-03-31T14:27:38+00:00\",\"description\":\"Abbazia SS Quirico e Giulitta. Location per cerimonie ed eventi. Il luogo perfetto per organizzare un matrimonio in grande stile a Rieti\",\"breadcrumb\":{\"@id\":\"https:\\\/\\\/www.abbaziasanquirico.it\\\/#breadcrumb\"},\"inLanguage\":\"en-US\",\"potentialAction\":[{\"@type\":\"ReadAction\",\"target\":[\"https:\\\/\\\/www.abbaziasanquirico.it\\\/\"]}]},{\"@type\":\"ImageObject\",\"inLanguage\":\"en-US\",\"@id\":\"https:\\\/\\\/www.abbaziasanquirico.it\\\/#primaryimage\",\"url\":\"https:\\\/\\\/www.abbaziasanquirico.it\\\/wp-content\\\/uploads\\\/2021\\\/10\\\/BG.jpg\",\"contentUrl\":\"https:\\\/\\\/www.abbaziasanquirico.it\\\/wp-content\\\/uploads\\\/2021\\\/10\\\/BG.jpg\",\"width\":1000,\"height\":750},{\"@type\":\"BreadcrumbList\",\"@id\":\"https:\\\/\\\/www.abbaziasanquirico.it\\\/#breadcrumb\",\"itemListElement\":[{\"@type\":\"ListItem\",\"position\":1,\"name\":\"Home\",\"item\":\"https:\\\/\\\/www.abbaziasanquirico.it\\\/\"},{\"@type\":\"ListItem\",\"position\":2,\"name\":\"Home\"}]},{\"@type\":\"WebSite\",\"@id\":\"https:\\\/\\\/www.abbaziasanquirico.it\\\/#website\",\"url\":\"https:\\\/\\\/www.abbaziasanquirico.it\\\/\",\"name\":\"Abbazia SS. Quirico e Giulitta\",\"description\":\"Abbazia SS. Quirico e Giulitta\",\"publisher\":{\"@id\":\"https:\\\/\\\/www.abbaziasanquirico.it\\\/#organization\"},\"potentialAction\":[{\"@type\":\"SearchAction\",\"target\":{\"@type\":\"EntryPoint\",\"urlTemplate\":\"https:\\\/\\\/www.abbaziasanquirico.it\\\/?s={search_term_string}\"},\"query-input\":{\"@type\":\"PropertyValueSpecification\",\"valueRequired\":true,\"valueName\":\"search_term_string\"}}],\"inLanguage\":\"en-US\"},{\"@type\":\"Organization\",\"@id\":\"https:\\\/\\\/www.abbaziasanquirico.it\\\/#organization\",\"name\":\"Abbazia La Corte - SS. Quirico e Giulitta\",\"url\":\"https:\\\/\\\/www.abbaziasanquirico.it\\\/\",\"logo\":{\"@type\":\"ImageObject\",\"inLanguage\":\"en-US\",\"@id\":\"https:\\\/\\\/www.abbaziasanquirico.it\\\/#\\\/schema\\\/logo\\\/image\\\/\",\"url\":\"https:\\\/\\\/i0.wp.com\\\/www.abbaziasanquirico.it\\\/wp-content\\\/uploads\\\/2021\\\/10\\\/Logo-Abbazia-La-Corte-SS.-Quirico-e-Giulitta.png?fit=1920%2C1408&ssl=1\",\"contentUrl\":\"https:\\\/\\\/i0.wp.com\\\/www.abbaziasanquirico.it\\\/wp-content\\\/uploads\\\/2021\\\/10\\\/Logo-Abbazia-La-Corte-SS.-Quirico-e-Giulitta.png?fit=1920%2C1408&ssl=1\",\"width\":1920,\"height\":1408,\"caption\":\"Abbazia La Corte - SS. Quirico e Giulitta\"},\"image\":{\"@id\":\"https:\\\/\\\/www.abbaziasanquirico.it\\\/#\\\/schema\\\/logo\\\/image\\\/\"}}]}<\/script>\n<!-- \/ Yoast SEO plugin. -->","yoast_head_json":{"title":"Abbazia La Corte - SS. Quirico e Giulitta","description":"Abbazia SS Quirico e Giulitta. Location per cerimonie ed eventi. Il luogo perfetto per organizzare un matrimonio in grande stile a Rieti","robots":{"index":"index","follow":"follow","max-snippet":"max-snippet:-1","max-image-preview":"max-image-preview:large","max-video-preview":"max-video-preview:-1"},"canonical":"https:\/\/www.abbaziasanquirico.it\/en\/","og_locale":"en_US","og_type":"article","og_title":"Abbazia La Corte - SS. Quirico e Giulitta","og_description":"Abbazia SS Quirico e Giulitta. Location per cerimonie ed eventi. Il luogo perfetto per organizzare un matrimonio in grande stile a Rieti","og_url":"https:\/\/www.abbaziasanquirico.it\/en\/","og_site_name":"Abbazia SS. Quirico e Giulitta","article_modified_time":"2025-03-31T14:27:38+00:00","og_image":[{"width":1000,"height":750,"url":"https:\/\/www.abbaziasanquirico.it\/wp-content\/uploads\/2021\/10\/BG.jpg","type":"image\/jpeg"}],"twitter_card":"summary_large_image","twitter_misc":{"Est. reading time":"7 minutes"},"schema":{"@context":"https:\/\/schema.org","@graph":[{"@type":"WebPage","@id":"https:\/\/www.abbaziasanquirico.it\/","url":"https:\/\/www.abbaziasanquirico.it\/","name":"Abbazia La Corte - SS. Quirico e Giulitta","isPartOf":{"@id":"https:\/\/www.abbaziasanquirico.it\/#website"},"primaryImageOfPage":{"@id":"https:\/\/www.abbaziasanquirico.it\/#primaryimage"},"image":{"@id":"https:\/\/www.abbaziasanquirico.it\/#primaryimage"},"thumbnailUrl":"https:\/\/www.abbaziasanquirico.it\/wp-content\/uploads\/2021\/10\/BG.jpg","datePublished":"2021-10-05T15:30:03+00:00","dateModified":"2025-03-31T14:27:38+00:00","description":"Abbazia SS Quirico e Giulitta. Location per cerimonie ed eventi. Il luogo perfetto per organizzare un matrimonio in grande stile a Rieti","breadcrumb":{"@id":"https:\/\/www.abbaziasanquirico.it\/#breadcrumb"},"inLanguage":"en-US","potentialAction":[{"@type":"ReadAction","target":["https:\/\/www.abbaziasanquirico.it\/"]}]},{"@type":"ImageObject","inLanguage":"en-US","@id":"https:\/\/www.abbaziasanquirico.it\/#primaryimage","url":"https:\/\/www.abbaziasanquirico.it\/wp-content\/uploads\/2021\/10\/BG.jpg","contentUrl":"https:\/\/www.abbaziasanquirico.it\/wp-content\/uploads\/2021\/10\/BG.jpg","width":1000,"height":750},{"@type":"BreadcrumbList","@id":"https:\/\/www.abbaziasanquirico.it\/#breadcrumb","itemListElement":[{"@type":"ListItem","position":1,"name":"Home","item":"https:\/\/www.abbaziasanquirico.it\/"},{"@type":"ListItem","position":2,"name":"Home"}]},{"@type":"WebSite","@id":"https:\/\/www.abbaziasanquirico.it\/#website","url":"https:\/\/www.abbaziasanquirico.it\/","name":"Abbazia SS. Quirico e Giulitta","description":"Abbazia SS. Quirico e Giulitta","publisher":{"@id":"https:\/\/www.abbaziasanquirico.it\/#organization"},"potentialAction":[{"@type":"SearchAction","target":{"@type":"EntryPoint","urlTemplate":"https:\/\/www.abbaziasanquirico.it\/?s={search_term_string}"},"query-input":{"@type":"PropertyValueSpecification","valueRequired":true,"valueName":"search_term_string"}}],"inLanguage":"en-US"},{"@type":"Organization","@id":"https:\/\/www.abbaziasanquirico.it\/#organization","name":"Abbazia La Corte - SS. Quirico e Giulitta","url":"https:\/\/www.abbaziasanquirico.it\/","logo":{"@type":"ImageObject","inLanguage":"en-US","@id":"https:\/\/www.abbaziasanquirico.it\/#\/schema\/logo\/image\/","url":"https:\/\/i0.wp.com\/www.abbaziasanquirico.it\/wp-content\/uploads\/2021\/10\/Logo-Abbazia-La-Corte-SS.-Quirico-e-Giulitta.png?fit=1920%2C1408&ssl=1","contentUrl":"https:\/\/i0.wp.com\/www.abbaziasanquirico.it\/wp-content\/uploads\/2021\/10\/Logo-Abbazia-La-Corte-SS.-Quirico-e-Giulitta.png?fit=1920%2C1408&ssl=1","width":1920,"height":1408,"caption":"Abbazia La Corte - SS. Quirico e Giulitta"},"image":{"@id":"https:\/\/www.abbaziasanquirico.it\/#\/schema\/logo\/image\/"}}]}},"_links":{"self":[{"href":"https:\/\/www.abbaziasanquirico.it\/en\/wp-json\/wp\/v2\/pages\/8","targetHints":{"allow":["GET"]}}],"collection":[{"href":"https:\/\/www.abbaziasanquirico.it\/en\/wp-json\/wp\/v2\/pages"}],"about":[{"href":"https:\/\/www.abbaziasanquirico.it\/en\/wp-json\/wp\/v2\/types\/page"}],"author":[{"embeddable":true,"href":"https:\/\/www.abbaziasanquirico.it\/en\/wp-json\/wp\/v2\/users\/1"}],"replies":[{"embeddable":true,"href":"https:\/\/www.abbaziasanquirico.it\/en\/wp-json\/wp\/v2\/comments?post=8"}],"version-history":[{"count":119,"href":"https:\/\/www.abbaziasanquirico.it\/en\/wp-json\/wp\/v2\/pages\/8\/revisions"}],"predecessor-version":[{"id":996,"href":"https:\/\/www.abbaziasanquirico.it\/en\/wp-json\/wp\/v2\/pages\/8\/revisions\/996"}],"wp:featuredmedia":[{"embeddable":true,"href":"https:\/\/www.abbaziasanquirico.it\/en\/wp-json\/wp\/v2\/media\/31"}],"wp:attachment":[{"href":"https:\/\/www.abbaziasanquirico.it\/en\/wp-json\/wp\/v2\/media?parent=8"}],"curies":[{"name":"wp","href":"https:\/\/api.w.org\/{rel}","templated":true}]}}